{"id":1059,"date":"2024-03-06T21:40:14","date_gmt":"2024-03-06T21:40:14","guid":{"rendered":"https:\/\/holstebrokunstskole.dk\/?page_id=1059"},"modified":"2025-06-20T13:52:42","modified_gmt":"2025-06-20T13:52:42","slug":"sommer2025","status":"publish","type":"page","link":"https:\/\/holstebrokunstskole.dk\/index.php\/sommer2025\/","title":{"rendered":"Sommerkunstskole"},"content":{"rendered":"\n<p class=\"has-larger-font-size\"><strong>Sanseverden<\/strong><\/p>\n\n\n\n<p>Holstebro Kunstskole inviterer b\u00f8rn i alderen 6\u201314 \u00e5r til en 3 dags sommerkunstskole i 2025.<\/p>\n\n\n\n<p>Der oprettes to hold: <br>\u2022 B\u00f8rn 6\u201310 \u00e5r \u2013 max 15 deltagere <br>\u2022 B\u00f8rn 10\u201314 \u00e5r \u2013 max 15 deltagere <\/p>\n\n\n\n<p>Tema: Sanseverden gennem leg, eksperimenter og en legende tilgang udforsker vi naturen og sanserne \u2013 med kroppen, bev\u00e6gelsen og naturens stemme som afs\u00e6t. B\u00f8rnene skaber sammen et f\u00e6lles sanseligt kunstv\u00e6rk, hvor oplevelserne oms\u00e6ttes til form og farve.<\/p>\n\n\n\n<p>Vi arbejder procesorienteret med fokus p\u00e5 forskellighed, forbundethed og \u00e6stetisk n\u00e6rv\u00e6r. <\/p>\n\n\n\n<p>Tid og sted: 1.\u20133. juli 2025, kl. 10.00\u201314.00 Holstebro Kunstskole, L\u00e6g\u00e5rdsvej 10 &amp; Lystanl\u00e6gget v. Sygehusgrunden<br><br>Prisen: 100 kr. pr. barn <\/p>\n\n\n\n<p>Husk: madpakke og t\u00f8j der m\u00e5 blive beskidt og t\u00e5ler udend\u00f8rs leg \ud83d\ude42<\/p>\n\n\n\n<p>Det er med stor taknemmelighed, at Holstebro Kunstskole har modtaget st\u00f8tte fra F\u00e6rchfonden og Vestforsynings Initiativpulje til vores nye projekt Sanseverden. En s\u00e6rlig tak skal lyde til F\u00e6rchfonden for den tillid og anerkendelse, som st\u00f8tten udtrykker \u2013 ikke blot til projektet, men til det langsigtede arbejde, vi udf\u00f8rer med b\u00f8rne- og ungekultur i Holstebro.<\/p>\n\n\n<noscript class=\"ninja-forms-noscript-message\">\n\tNotice: JavaScript is required for this content.<\/noscript>\n<div id=\"nf-form-11-cont\" class=\"nf-form-cont\" aria-live=\"polite\" aria-labelledby=\"nf-form-title-11\" aria-describedby=\"nf-form-errors-11\" role=\"form\">\n\n    <div class=\"nf-loading-spinner\"><\/div>\n\n<\/div>\n        <!-- That data is being printed as a workaround to page builders reordering the order of the scripts loaded-->\n        <script>var formDisplay=1;var nfForms=nfForms||[];var form=[];form.id='11';form.settings={\"objectType\":\"Form Setting\",\"editActive\":true,\"title\":\"Tilmelding - ekstra - Sommerskole\",\"created_at\":\"2023-06-06 21:28:50\",\"default_label_pos\":\"hidden\",\"show_title\":\"0\",\"clear_complete\":\"1\",\"hide_complete\":\"1\",\"logged_in\":\"0\",\"wrapper_class\":\"\",\"element_class\":\"\",\"key\":\"\",\"add_submit\":\"0\",\"changeEmailErrorMsg\":\"e-mailadresse ikke gyldig!\",\"changeDateErrorMsg\":\"Please enter a valid date!\",\"confirmFieldErrorMsg\":\"These fields must match!\",\"fieldNumberNumMinError\":\"Number Min Error\",\"fieldNumberNumMaxError\":\"Number Max Error\",\"fieldNumberIncrementBy\":\"Please increment by \",\"formErrorsCorrectErrors\":\"Venligst ret fejlene f\\u00f8r denne form kan blive indsendt\",\"validateRequiredField\":\"Dette er et obligatorisk felt\",\"honeypotHoneypotError\":\"Honeypot Error\",\"fieldsMarkedRequired\":\"Felter market med * er obligatoriske\",\"currency\":\"\",\"repeatable_fieldsets\":\"\",\"unique_field_error\":\"A form with this value has already been submitted.\",\"not_logged_in_msg\":\"\",\"sub_limit_msg\":\"The form has reached its submission limit.\",\"calculations\":[],\"formContentData\":[\"barnets_navn_1649077270995\",\"adresse_1649077277233\",\"barnets_klassetrin_1649077282098\",\"foraeldres_navn_1649077290697\",\"foraeldres_telefonnr_1649077295164\",\"foraeldres_e-mail_1649077306831\",\"send_1649072571245\"],\"drawerDisabled\":false,\"allow_public_link\":0,\"embed_form\":\"\",\"ninjaForms\":\"Ninja Forms\",\"fieldTextareaRTEInsertLink\":\"Insert Link\",\"fieldTextareaRTEInsertMedia\":\"Insert Media\",\"fieldTextareaRTESelectAFile\":\"Select a file\",\"formHoneypot\":\"If you are a human seeing this field, please leave it empty.\",\"fileUploadOldCodeFileUploadInProgress\":\"File Upload in Progress.\",\"fileUploadOldCodeFileUpload\":\"FILE UPLOAD\",\"currencySymbol\":\"&#36;\",\"thousands_sep\":\",\",\"decimal_point\":\".\",\"siteLocale\":\"en_US\",\"dateFormat\":\"m\\\/d\\\/Y\",\"startOfWeek\":\"1\",\"of\":\"of\",\"previousMonth\":\"Previous Month\",\"nextMonth\":\"Next Month\",\"months\":[\"January\",\"February\",\"March\",\"April\",\"May\",\"June\",\"July\",\"August\",\"September\",\"October\",\"November\",\"December\"],\"monthsShort\":[\"Jan\",\"Feb\",\"Mar\",\"Apr\",\"May\",\"Jun\",\"Jul\",\"Aug\",\"Sep\",\"Oct\",\"Nov\",\"Dec\"],\"weekdays\":[\"Sunday\",\"Monday\",\"Tuesday\",\"Wednesday\",\"Thursday\",\"Friday\",\"Saturday\"],\"weekdaysShort\":[\"Sun\",\"Mon\",\"Tue\",\"Wed\",\"Thu\",\"Fri\",\"Sat\"],\"weekdaysMin\":[\"Su\",\"Mo\",\"Tu\",\"We\",\"Th\",\"Fr\",\"Sa\"],\"recaptchaConsentMissing\":\"reCaptcha validation couldn&#039;t load.\",\"recaptchaMissingCookie\":\"reCaptcha v3 validation couldn&#039;t load the cookie needed to submit the form.\",\"recaptchaConsentEvent\":\"Accept reCaptcha cookies before sending the form.\",\"currency_symbol\":\"\",\"beforeForm\":\"\",\"beforeFields\":\"\",\"afterFields\":\"\",\"afterForm\":\"\"};form.fields=[{\"objectType\":\"Field\",\"objectDomain\":\"fields\",\"editActive\":false,\"order\":1,\"idAttribute\":\"id\",\"label\":\"Barnets navn*\",\"type\":\"textbox\",\"key\":\"barnets_navn_1649077270995\",\"label_pos\":\"hidden\",\"required\":1,\"default\":\"\",\"placeholder\":\"Barnets navn*\",\"container_class\":\"\",\"element_class\":\"\",\"input_limit\":\"\",\"input_limit_type\":\"characters\",\"input_limit_msg\":\"Character(s) left\",\"manual_key\":\"\",\"admin_label\":\"\",\"help_text\":\"\",\"mask\":\"\",\"custom_mask\":\"\",\"custom_name_attribute\":\"\",\"personally_identifiable\":\"\",\"value\":\"\",\"drawerDisabled\":\"\",\"field_label\":\"Barnets navn*\",\"field_key\":\"barnets_navn_1649077270995\",\"id\":79,\"beforeField\":\"\",\"afterField\":\"\",\"parentType\":\"textbox\",\"element_templates\":[\"textbox\",\"input\"],\"old_classname\":\"\",\"wrap_template\":\"wrap\"},{\"objectType\":\"Field\",\"objectDomain\":\"fields\",\"editActive\":false,\"order\":3,\"idAttribute\":\"id\",\"label\":\"Adresse*\",\"type\":\"textbox\",\"key\":\"adresse_1649077277233\",\"label_pos\":\"hidden\",\"required\":1,\"default\":\"\",\"placeholder\":\"Adresse*\",\"container_class\":\"\",\"element_class\":\"\",\"input_limit\":\"\",\"input_limit_type\":\"characters\",\"input_limit_msg\":\"Character(s) left\",\"manual_key\":\"\",\"admin_label\":\"\",\"help_text\":\"\",\"mask\":\"\",\"custom_mask\":\"\",\"custom_name_attribute\":\"\",\"personally_identifiable\":\"\",\"value\":\"\",\"drawerDisabled\":\"\",\"field_label\":\"Adresse*\",\"field_key\":\"adresse_1649077277233\",\"id\":80,\"beforeField\":\"\",\"afterField\":\"\",\"parentType\":\"textbox\",\"element_templates\":[\"textbox\",\"input\"],\"old_classname\":\"\",\"wrap_template\":\"wrap\"},{\"objectType\":\"Field\",\"objectDomain\":\"fields\",\"editActive\":false,\"order\":4,\"idAttribute\":\"id\",\"label\":\"Barnets klassetrin*\",\"type\":\"textbox\",\"key\":\"barnets_klassetrin_1649077282098\",\"label_pos\":\"hidden\",\"required\":1,\"default\":\"\",\"placeholder\":\"Barnets klassetrin*\",\"container_class\":\"\",\"element_class\":\"\",\"input_limit\":\"\",\"input_limit_type\":\"characters\",\"input_limit_msg\":\"Character(s) left\",\"manual_key\":\"\",\"admin_label\":\"\",\"help_text\":\"\",\"mask\":\"\",\"custom_mask\":\"\",\"custom_name_attribute\":\"\",\"personally_identifiable\":\"\",\"value\":\"\",\"drawerDisabled\":\"\",\"field_label\":\"Barnets klassetrin*\",\"field_key\":\"barnets_klassetrin_1649077282098\",\"id\":81,\"beforeField\":\"\",\"afterField\":\"\",\"parentType\":\"textbox\",\"element_templates\":[\"textbox\",\"input\"],\"old_classname\":\"\",\"wrap_template\":\"wrap\"},{\"objectType\":\"Field\",\"objectDomain\":\"fields\",\"editActive\":false,\"order\":6,\"idAttribute\":\"id\",\"label\":\"For\\u00e6ldres navn*\",\"type\":\"textbox\",\"key\":\"foraeldres_navn_1649077290697\",\"label_pos\":\"hidden\",\"required\":1,\"default\":\"\",\"placeholder\":\"For\\u00e6ldres navn*\",\"container_class\":\"\",\"element_class\":\"\",\"input_limit\":\"\",\"input_limit_type\":\"characters\",\"input_limit_msg\":\"Character(s) left\",\"manual_key\":\"\",\"admin_label\":\"\",\"help_text\":\"\",\"mask\":\"\",\"custom_mask\":\"\",\"custom_name_attribute\":\"\",\"personally_identifiable\":\"\",\"value\":\"\",\"field_label\":\"For\\u00e6ldres navn*\",\"field_key\":\"foraeldres_navn_1649077290697\",\"id\":83,\"beforeField\":\"\",\"afterField\":\"\",\"parentType\":\"textbox\",\"element_templates\":[\"textbox\",\"input\"],\"old_classname\":\"\",\"wrap_template\":\"wrap\"},{\"objectType\":\"Field\",\"objectDomain\":\"fields\",\"editActive\":false,\"order\":7,\"idAttribute\":\"id\",\"label\":\"For\\u00e6ldres telefonnr.*\",\"type\":\"textbox\",\"key\":\"foraeldres_telefonnr_1649077295164\",\"label_pos\":\"hidden\",\"required\":1,\"default\":\"\",\"placeholder\":\"For\\u00e6ldres telefonnr.*\",\"container_class\":\"\",\"element_class\":\"\",\"input_limit\":\"\",\"input_limit_type\":\"characters\",\"input_limit_msg\":\"Character(s) left\",\"manual_key\":\"\",\"admin_label\":\"\",\"help_text\":\"\",\"mask\":\"\",\"custom_mask\":\"\",\"custom_name_attribute\":\"\",\"personally_identifiable\":\"\",\"value\":\"\",\"drawerDisabled\":\"\",\"field_label\":\"For\\u00e6ldres telefonnr.*\",\"field_key\":\"foraeldres_telefonnr_1649077295164\",\"id\":84,\"beforeField\":\"\",\"afterField\":\"\",\"parentType\":\"textbox\",\"element_templates\":[\"textbox\",\"input\"],\"old_classname\":\"\",\"wrap_template\":\"wrap\"},{\"objectType\":\"Field\",\"objectDomain\":\"fields\",\"editActive\":false,\"order\":8,\"idAttribute\":\"id\",\"label\":\"For\\u00e6ldres e-mail*\",\"type\":\"textbox\",\"key\":\"foraeldres_e-mail_1649077306831\",\"label_pos\":\"hidden\",\"required\":1,\"default\":\"\",\"placeholder\":\"For\\u00e6ldres e-mail*\",\"container_class\":\"\",\"element_class\":\"\",\"input_limit\":\"\",\"input_limit_type\":\"characters\",\"input_limit_msg\":\"Character(s) left\",\"manual_key\":\"\",\"admin_label\":\"\",\"help_text\":\"\",\"mask\":\"\",\"custom_mask\":\"\",\"custom_name_attribute\":\"\",\"personally_identifiable\":\"\",\"value\":\"\",\"drawerDisabled\":\"\",\"field_label\":\"For\\u00e6ldres e-mail*\",\"field_key\":\"foraeldres_e-mail_1649077306831\",\"id\":85,\"beforeField\":\"\",\"afterField\":\"\",\"parentType\":\"textbox\",\"element_templates\":[\"textbox\",\"input\"],\"old_classname\":\"\",\"wrap_template\":\"wrap\"},{\"objectType\":\"Field\",\"objectDomain\":\"fields\",\"editActive\":false,\"order\":9,\"idAttribute\":\"id\",\"label\":\"Send\",\"type\":\"submit\",\"processing_label\":\"Processing\",\"container_class\":\"\",\"element_class\":\"\",\"key\":\"send_1649072571245\",\"drawerDisabled\":\"\",\"field_label\":\"Send\",\"field_key\":\"send_1649072571245\",\"id\":86,\"beforeField\":\"\",\"afterField\":\"\",\"value\":\"\",\"label_pos\":\"hidden\",\"parentType\":\"textbox\",\"element_templates\":[\"submit\",\"button\",\"input\"],\"old_classname\":\"\",\"wrap_template\":\"wrap-no-label\"}];nfForms.push(form);<\/script>\n        ","protected":false},"excerpt":{"rendered":"<p>Sanseverden Holstebro Kunstskole inviterer b\u00f8rn i alderen 6\u201314 \u00e5r til en 3 dags sommerkunstskole i 2025. Der oprettes to hold: \u2022 B\u00f8rn 6\u201310 \u00e5r \u2013 max 15 deltagere \u2022 B\u00f8rn 10\u201314 \u00e5r \u2013 max 15 deltagere Tema: Sanseverden gennem leg, eksperimenter og en legende tilgang udforsker vi naturen og sanserne \u2013 med kroppen, bev\u00e6gelsen og [&hellip;]<\/p>\n","protected":false},"author":1,"featured_media":1457,"parent":0,"menu_order":0,"comment_status":"closed","ping_status":"closed","template":"","meta":{"footnotes":""},"class_list":["post-1059","page","type-page","status-publish","has-post-thumbnail","hentry"],"yoast_head":"<!-- This site is optimized with the Yoast SEO plugin v19.11 - https:\/\/yoast.com\/wordpress\/plugins\/seo\/ -->\n<title>Sommerkunstskole - Holstebro Kunstskole<\/title>\n<meta name=\"robots\" content=\"index, follow, max-snippet:-1, max-image-preview:large, max-video-preview:-1\" \/>\n<link rel=\"canonical\" href=\"https:\/\/holstebrokunstskole.dk\/index.php\/sommer2025\/\" \/>\n<meta property=\"og:locale\" content=\"en_US\" \/>\n<meta property=\"og:type\" content=\"article\" \/>\n<meta property=\"og:title\" content=\"Sommerkunstskole - Holstebro Kunstskole\" \/>\n<meta property=\"og:description\" content=\"Sanseverden Holstebro Kunstskole inviterer b\u00f8rn i alderen 6\u201314 \u00e5r til en 3 dags sommerkunstskole i 2025. Der oprettes to hold: \u2022 B\u00f8rn 6\u201310 \u00e5r \u2013 max 15 deltagere \u2022 B\u00f8rn 10\u201314 \u00e5r \u2013 max 15 deltagere Tema: Sanseverden gennem leg, eksperimenter og en legende tilgang udforsker vi naturen og sanserne \u2013 med kroppen, bev\u00e6gelsen og [&hellip;]\" \/>\n<meta property=\"og:url\" content=\"https:\/\/holstebrokunstskole.dk\/index.php\/sommer2025\/\" \/>\n<meta property=\"og:site_name\" content=\"Holstebro Kunstskole\" \/>\n<meta property=\"article:publisher\" content=\"https:\/\/www.facebook.com\/holstebrokunstskole\" \/>\n<meta property=\"article:modified_time\" content=\"2025-06-20T13:52:42+00:00\" \/>\n<meta property=\"og:image\" content=\"https:\/\/holstebrokunstskole.dk\/wp-content\/uploads\/2025\/05\/DSC4208_web.jpg\" \/>\n\t<meta property=\"og:image:width\" content=\"2000\" \/>\n\t<meta property=\"og:image:height\" content=\"1335\" \/>\n\t<meta property=\"og:image:type\" content=\"image\/jpeg\" \/>\n<meta name=\"twitter:card\" content=\"summary_large_image\" \/>\n<meta name=\"twitter:label1\" content=\"Est. reading time\" \/>\n\t<meta name=\"twitter:data1\" content=\"1 minute\" \/>\n<script type=\"application\/ld+json\" class=\"yoast-schema-graph\">{\"@context\":\"https:\/\/schema.org\",\"@graph\":[{\"@type\":\"WebPage\",\"@id\":\"https:\/\/holstebrokunstskole.dk\/index.php\/sommer2025\/\",\"url\":\"https:\/\/holstebrokunstskole.dk\/index.php\/sommer2025\/\",\"name\":\"Sommerkunstskole - Holstebro Kunstskole\",\"isPartOf\":{\"@id\":\"https:\/\/holstebrokunstskole.dk\/#website\"},\"datePublished\":\"2024-03-06T21:40:14+00:00\",\"dateModified\":\"2025-06-20T13:52:42+00:00\",\"breadcrumb\":{\"@id\":\"https:\/\/holstebrokunstskole.dk\/index.php\/sommer2025\/#breadcrumb\"},\"inLanguage\":\"en-US\",\"potentialAction\":[{\"@type\":\"ReadAction\",\"target\":[\"https:\/\/holstebrokunstskole.dk\/index.php\/sommer2025\/\"]}]},{\"@type\":\"BreadcrumbList\",\"@id\":\"https:\/\/holstebrokunstskole.dk\/index.php\/sommer2025\/#breadcrumb\",\"itemListElement\":[{\"@type\":\"ListItem\",\"position\":1,\"name\":\"Home\",\"item\":\"https:\/\/holstebrokunstskole.dk\/\"},{\"@type\":\"ListItem\",\"position\":2,\"name\":\"Sommerkunstskole\"}]},{\"@type\":\"WebSite\",\"@id\":\"https:\/\/holstebrokunstskole.dk\/#website\",\"url\":\"https:\/\/holstebrokunstskole.dk\/\",\"name\":\"Holstebro Kunstskole\",\"description\":\"\",\"publisher\":{\"@id\":\"https:\/\/holstebrokunstskole.dk\/#organization\"},\"potentialAction\":[{\"@type\":\"SearchAction\",\"target\":{\"@type\":\"EntryPoint\",\"urlTemplate\":\"https:\/\/holstebrokunstskole.dk\/?s={search_term_string}\"},\"query-input\":\"required name=search_term_string\"}],\"inLanguage\":\"en-US\"},{\"@type\":\"Organization\",\"@id\":\"https:\/\/holstebrokunstskole.dk\/#organization\",\"name\":\"Holstebro Kunstskole\",\"url\":\"https:\/\/holstebrokunstskole.dk\/\",\"logo\":{\"@type\":\"ImageObject\",\"inLanguage\":\"en-US\",\"@id\":\"https:\/\/holstebrokunstskole.dk\/#\/schema\/logo\/image\/\",\"url\":\"https:\/\/holstebrokunstskole.dk\/wp-content\/uploads\/2022\/07\/logo2.png\",\"contentUrl\":\"https:\/\/holstebrokunstskole.dk\/wp-content\/uploads\/2022\/07\/logo2.png\",\"width\":200,\"height\":105,\"caption\":\"Holstebro Kunstskole\"},\"image\":{\"@id\":\"https:\/\/holstebrokunstskole.dk\/#\/schema\/logo\/image\/\"},\"sameAs\":[\"https:\/\/www.instagram.com\/holstebrokunstskole\/\",\"https:\/\/www.facebook.com\/holstebrokunstskole\"]}]}<\/script>\n<!-- \/ Yoast SEO plugin. -->","yoast_head_json":{"title":"Sommerkunstskole - Holstebro Kunstskole","robots":{"index":"index","follow":"follow","max-snippet":"max-snippet:-1","max-image-preview":"max-image-preview:large","max-video-preview":"max-video-preview:-1"},"canonical":"https:\/\/holstebrokunstskole.dk\/index.php\/sommer2025\/","og_locale":"en_US","og_type":"article","og_title":"Sommerkunstskole - Holstebro Kunstskole","og_description":"Sanseverden Holstebro Kunstskole inviterer b\u00f8rn i alderen 6\u201314 \u00e5r til en 3 dags sommerkunstskole i 2025. Der oprettes to hold: \u2022 B\u00f8rn 6\u201310 \u00e5r \u2013 max 15 deltagere \u2022 B\u00f8rn 10\u201314 \u00e5r \u2013 max 15 deltagere Tema: Sanseverden gennem leg, eksperimenter og en legende tilgang udforsker vi naturen og sanserne \u2013 med kroppen, bev\u00e6gelsen og [&hellip;]","og_url":"https:\/\/holstebrokunstskole.dk\/index.php\/sommer2025\/","og_site_name":"Holstebro Kunstskole","article_publisher":"https:\/\/www.facebook.com\/holstebrokunstskole","article_modified_time":"2025-06-20T13:52:42+00:00","og_image":[{"width":2000,"height":1335,"url":"https:\/\/holstebrokunstskole.dk\/wp-content\/uploads\/2025\/05\/DSC4208_web.jpg","type":"image\/jpeg"}],"twitter_card":"summary_large_image","twitter_misc":{"Est. reading time":"1 minute"},"schema":{"@context":"https:\/\/schema.org","@graph":[{"@type":"WebPage","@id":"https:\/\/holstebrokunstskole.dk\/index.php\/sommer2025\/","url":"https:\/\/holstebrokunstskole.dk\/index.php\/sommer2025\/","name":"Sommerkunstskole - Holstebro Kunstskole","isPartOf":{"@id":"https:\/\/holstebrokunstskole.dk\/#website"},"datePublished":"2024-03-06T21:40:14+00:00","dateModified":"2025-06-20T13:52:42+00:00","breadcrumb":{"@id":"https:\/\/holstebrokunstskole.dk\/index.php\/sommer2025\/#breadcrumb"},"inLanguage":"en-US","potentialAction":[{"@type":"ReadAction","target":["https:\/\/holstebrokunstskole.dk\/index.php\/sommer2025\/"]}]},{"@type":"BreadcrumbList","@id":"https:\/\/holstebrokunstskole.dk\/index.php\/sommer2025\/#breadcrumb","itemListElement":[{"@type":"ListItem","position":1,"name":"Home","item":"https:\/\/holstebrokunstskole.dk\/"},{"@type":"ListItem","position":2,"name":"Sommerkunstskole"}]},{"@type":"WebSite","@id":"https:\/\/holstebrokunstskole.dk\/#website","url":"https:\/\/holstebrokunstskole.dk\/","name":"Holstebro Kunstskole","description":"","publisher":{"@id":"https:\/\/holstebrokunstskole.dk\/#organization"},"potentialAction":[{"@type":"SearchAction","target":{"@type":"EntryPoint","urlTemplate":"https:\/\/holstebrokunstskole.dk\/?s={search_term_string}"},"query-input":"required name=search_term_string"}],"inLanguage":"en-US"},{"@type":"Organization","@id":"https:\/\/holstebrokunstskole.dk\/#organization","name":"Holstebro Kunstskole","url":"https:\/\/holstebrokunstskole.dk\/","logo":{"@type":"ImageObject","inLanguage":"en-US","@id":"https:\/\/holstebrokunstskole.dk\/#\/schema\/logo\/image\/","url":"https:\/\/holstebrokunstskole.dk\/wp-content\/uploads\/2022\/07\/logo2.png","contentUrl":"https:\/\/holstebrokunstskole.dk\/wp-content\/uploads\/2022\/07\/logo2.png","width":200,"height":105,"caption":"Holstebro Kunstskole"},"image":{"@id":"https:\/\/holstebrokunstskole.dk\/#\/schema\/logo\/image\/"},"sameAs":["https:\/\/www.instagram.com\/holstebrokunstskole\/","https:\/\/www.facebook.com\/holstebrokunstskole"]}]}},"_links":{"self":[{"href":"https:\/\/holstebrokunstskole.dk\/index.php\/wp-json\/wp\/v2\/pages\/1059","targetHints":{"allow":["GET"]}}],"collection":[{"href":"https:\/\/holstebrokunstskole.dk\/index.php\/wp-json\/wp\/v2\/pages"}],"about":[{"href":"https:\/\/holstebrokunstskole.dk\/index.php\/wp-json\/wp\/v2\/types\/page"}],"author":[{"embeddable":true,"href":"https:\/\/holstebrokunstskole.dk\/index.php\/wp-json\/wp\/v2\/users\/1"}],"replies":[{"embeddable":true,"href":"https:\/\/holstebrokunstskole.dk\/index.php\/wp-json\/wp\/v2\/comments?post=1059"}],"version-history":[{"count":25,"href":"https:\/\/holstebrokunstskole.dk\/index.php\/wp-json\/wp\/v2\/pages\/1059\/revisions"}],"predecessor-version":[{"id":1524,"href":"https:\/\/holstebrokunstskole.dk\/index.php\/wp-json\/wp\/v2\/pages\/1059\/revisions\/1524"}],"wp:featuredmedia":[{"embeddable":true,"href":"https:\/\/holstebrokunstskole.dk\/index.php\/wp-json\/wp\/v2\/media\/1457"}],"wp:attachment":[{"href":"https:\/\/holstebrokunstskole.dk\/index.php\/wp-json\/wp\/v2\/media?parent=1059"}],"curies":[{"name":"wp","href":"https:\/\/api.w.org\/{rel}","templated":true}]}}